{"id":926,"date":"2021-11-04T12:08:37","date_gmt":"2021-11-04T16:08:37","guid":{"rendered":"https:\/\/uhip.thedev.ca\/find-a-clinic-doctor-lab\/"},"modified":"2022-08-31T20:07:18","modified_gmt":"2022-09-01T00:07:18","slug":"trouver-une-clinique-un-medecin-un-laboratoire","status":"publish","type":"page","link":"https:\/\/uhip.thedev.ca\/fr\/trouver-une-clinique-un-medecin-un-laboratoire\/","title":{"rendered":"Trouver une clinique\/un m\u00e9decin\/un laboratoire"},"content":{"rendered":"<div id=\"intro-section-block_6184050cbdd57\" class=\"intro-section alignfull  \">\n    <div class=\"banner\">\n        <img width=\"1366\" height=\"606\" src=\"https:\/\/uhip.thedev.ca\/wp-content\/uploads\/2021\/10\/intro.jpg\" class=\"attachment-banner-image size-banner-image\" alt=\"\" loading=\"lazy\" srcset=\"https:\/\/uhip.thedev.ca\/wp-content\/uploads\/2021\/10\/intro.jpg 1366w, https:\/\/uhip.thedev.ca\/wp-content\/uploads\/2021\/10\/intro-300x133.jpg 300w, https:\/\/uhip.thedev.ca\/wp-content\/uploads\/2021\/10\/intro-1024x454.jpg 1024w, https:\/\/uhip.thedev.ca\/wp-content\/uploads\/2021\/10\/intro-768x341.jpg 768w, https:\/\/uhip.thedev.ca\/wp-content\/uploads\/2021\/10\/intro-400x177.jpg 400w\" sizes=\"(max-width: 1366px) 100vw, 1366px\" \/>        <div class=\"banner-details\">\n            <h1><b>Trouver une clinique\/un m\u00e9decin\/un laboratoire<\/b><\/h1>\n        <\/div>\n    <\/div>\n    <\/div>\n\n\n<div  id=\"accordion-content-block_618a975ffeac2\" class=\"accordion-wrapper \">\n        <ul class=\"accordion\" data-accordion data-slide-speed=\"0\" data-allow-all-closed=\"true\" data-deep-link=\"true\" data-update-history=\"true\" data-deep-link-smudge=\"true\" data-deep-link-smudge-delay=\"500\" data-deep-link-smudge-offset=\"500\">\n                    <li class=\"accordion-item\" data-accordion-item>\n                <a href=\"#s-agit-il-d-une-urgence\" class=\"accordion-title\">S\u2019AGIT-IL D\u2019UNE URGENCE?<\/a>\n                <div class=\"accordion-content\" data-tab-content id=\"s-agit-il-d-une-urgence\">\n                    <p><span style=\"font-weight: 400;\">En cas d\u2019urgence m\u00e9dicale, appelez le\u00a0911 pour \u00eatre transport\u00e9 \u00e0 la salle d\u2019urgence de l\u2019h\u00f4pital le plus proche. Au Canada, on y traite les maladies ou blessures mettant la vie en danger.<\/span><\/p>\n                <\/div>\n            <\/li>\n                    <li class=\"accordion-item\" data-accordion-item>\n                <a href=\"#tes-vous-certain-qu-il-s-agit-d-une-urgence\" class=\"accordion-title\">\u00cates-vous certain qu\u2019il s\u2019agit d\u2019une urgence?<\/a>\n                <div class=\"accordion-content\" data-tab-content id=\"tes-vous-certain-qu-il-s-agit-d-une-urgence\">\n                    <p><span style=\"font-weight: 400;\">Le terme \u00ab\u00a0urgence m\u00e9dicale\u00a0\u00bb s\u2019entend d\u2019une blessure ou d\u2019une maladie aigu\u00eb qui repr\u00e9sente un risque imm\u00e9diat pour la vie d\u2019une personne ou pour sa sant\u00e9 \u00e0 long terme, comme une crise cardiaque, un accident vasculaire c\u00e9r\u00e9bral, un traumatisme cr\u00e2nien, une d\u00e9tresse respiratoire, une h\u00e9morragie s\u00e9v\u00e8re ou une perte de connaissance.<\/span><\/p>\n<p><b>Ne vous rendez pas<\/b><span style=\"font-weight: 400;\"> \u00e0 l\u2019h\u00f4pital pour des probl\u00e8mes de sant\u00e9 qui peuvent \u00eatre trait\u00e9s par une infirmi\u00e8re ou un m\u00e9decin \u00e0 une clinique, ou par vous-m\u00eame.<\/span><\/p>\n<p><span style=\"font-weight: 400;\">Vous <\/span><b>ne serez pas<\/b><span style=\"font-weight: 400;\"> trait\u00e9 plus rapidement si vous allez \u00e0 l\u2019h\u00f4pital pour des probl\u00e8mes qui ne sont pas urgents; l\u2019attente sera probablement plus longue.<\/span><\/p>\n<p><b>CONSEIL! <\/b><span style=\"font-weight: 400;\">Pour obtenir des conseils m\u00e9dicaux, les habitants de l\u2019Ontario peuvent en tout temps appeler <\/span><a href=\"https:\/\/healthconnectontario.health.gov.on.ca\/static\/fr-ca\/guest\/home\"><b>ConnexionSant\u00e9 Ontario<\/b><\/a><span style=\"font-weight: 400;\"> sans frais au <\/span><\/p>\n<p><span style=\"font-weight: 400;\"><strong><a href=\"tel:811\">811<\/a><\/strong>\u00a0ou au ATS: <strong><a href=\"tel:1-866-797-0007\">1-866-797-0007<\/a>.<\/strong><\/span><\/p>\n                <\/div>\n            <\/li>\n                    <li class=\"accordion-item\" data-accordion-item>\n                <a href=\"#trouver-une-clinique-un-mdecin-un-laboratoire-proximit-qui-accepte-le-ramu\" class=\"accordion-title\">Trouver une clinique\/un m\u00e9decin\/un laboratoire \u00e0 proximit\u00e9 qui accepte le RAMU <\/a>\n                <div class=\"accordion-content\" data-tab-content id=\"trouver-une-clinique-un-mdecin-un-laboratoire-proximit-qui-accepte-le-ramu\">\n                    <p><!-- wp:paragraph --><\/p>\n<p><span style=\"font-weight: 400;\">Savoir quels sont les fournisseurs de soins de sant\u00e9 qui acceptent le RAMU est important, et pourrait m\u00eame vous faire \u00e9conomiser de l\u2019argent!<\/span><\/p>\n<p><span style=\"font-weight: 400;\">En consultant le r\u00e9pertoire du <\/span><a href=\"https:\/\/www.google.com\/maps\/d\/edit?mid=1d_GMFFmtbFhLXTLyoofVq9FWpElvicY&amp;usp=sharing\"><b>R\u00e9seau de fournisseurs s\u00e9lectionn\u00e9s de Cowan<\/b><\/a><span style=\"font-weight: 400;\">, vous trouverez un fournisseur \u00e0 proximit\u00e9 qui facturera directement \u00e0 Cowan le co\u00fbt des services m\u00e9dicaux \u2013 aux taux du RAMU.<\/span><\/p>\n<p><span style=\"font-weight: 400;\">Les m\u00e9decins, les cliniques, les laboratoires et les autres fournisseurs de soins de sant\u00e9 de ce r\u00e9seau\u00a0:<\/span><\/p>\n<ul>\n<li style=\"font-weight: 400;\" aria-level=\"1\"><span style=\"font-weight: 400;\">factureront directement \u00e0 Cowan les services ou traitements re\u00e7us, aux tarifs du RAMU;<\/span><\/li>\n<li style=\"font-weight: 400;\" aria-level=\"1\"><span style=\"font-weight: 400;\">vous demanderont de remplir un formulaire d\u2019autorisation \u00e0 votre premi\u00e8re visite. Ils pourront ainsi facturer les frais directement \u00e0 Cowan plut\u00f4t qu\u2019\u00e0 vous.\u00a0<\/span><\/li>\n<\/ul>\n<p><b>Rappel important\u00a0: <\/b><span style=\"font-weight: 400;\">Apportez toujours une copie papier de votre<\/span> <a href=\"https:\/\/uhip.thedev.ca\/fr\/services-couverts-par-le-ramu\/carte-couverture\/\"><b>carte-couverture du RAMU<\/b><\/a> <span style=\"font-weight: 400;\">\u00e0 un fournisseur de soins de sant\u00e9<\/span><span style=\"font-weight: 400;\">. La plupart des fournisseurs en feront une photocopie pour leurs dossiers.\u00a0<\/span><\/p>\n<p><span style=\"font-weight: 400;\">Vous n\u2019arrivez pas \u00e0 trouver un fournisseur s\u00e9lectionn\u00e9 qui est ouvert? S\u2019il ne s\u2019agit pas d\u2019une urgence, vous devriez peut-\u00eatre attendre le prochain jour ouvrable ou appeler <\/span><a href=\"https:\/\/healthconnectontario.health.gov.on.ca\/static\/fr-ca\/guest\/home\"><b>ConnexionSant\u00e9 Ontario<\/b><\/a><span style=\"font-weight: 400;\">. Certains fournisseurs ne faisant pas partie du R\u00e9seau de fournisseurs s\u00e9lectionn\u00e9s de Cowan peuvent facturer des honoraires plus \u00e9lev\u00e9s que ce que paie le RAMU. L\u2019exc\u00e9dent n\u2019est pas couvert par le RAMU. Vous devrez payer la diff\u00e9rence au fournisseur.<\/span><\/p>\n<p><!-- \/wp:paragraph --><\/p>\n                <\/div>\n            <\/li>\n            <\/ul>\n    <\/div>\n\n\n\n<div style=\"height:70px\" aria-hidden=\"true\" class=\"wp-block-spacer\"><\/div>\n\n\n","protected":false},"excerpt":{"rendered":"","protected":false},"author":1,"featured_media":0,"parent":0,"menu_order":0,"comment_status":"closed","ping_status":"closed","template":"page-inner.php","meta":[],"acf":[],"yoast_head":"<!-- This site is optimized with the Yoast SEO plugin v19.7.1 - https:\/\/yoast.com\/wordpress\/plugins\/seo\/ -->\n<title>Trouver une clinique\/un m\u00e9decin\/un laboratoire - UHIP\/RAMU<\/title>\n<meta name=\"robots\" content=\"noindex, follow, max-snippet:-1, max-image-preview:large, max-video-preview:-1\" \/>\n<meta property=\"og:locale\" content=\"fr_FR\" \/>\n<meta property=\"og:type\" content=\"article\" \/>\n<meta property=\"og:title\" content=\"Trouver une clinique\/un m\u00e9decin\/un laboratoire - UHIP\/RAMU\" \/>\n<meta property=\"og:url\" content=\"https:\/\/uhip.thedev.ca\/fr\/trouver-une-clinique-un-medecin-un-laboratoire\/\" \/>\n<meta property=\"og:site_name\" content=\"UHIP\/RAMU\" \/>\n<meta property=\"article:modified_time\" content=\"2022-09-01T00:07:18+00:00\" \/>\n<meta name=\"twitter:card\" content=\"summary_large_image\" \/>\n<script type=\"application\/ld+json\" class=\"yoast-schema-graph\">{\"@context\":\"https:\/\/schema.org\",\"@graph\":[{\"@type\":\"WebPage\",\"@id\":\"https:\/\/uhip.thedev.ca\/fr\/trouver-une-clinique-un-medecin-un-laboratoire\/\",\"url\":\"https:\/\/uhip.thedev.ca\/fr\/trouver-une-clinique-un-medecin-un-laboratoire\/\",\"name\":\"Trouver une clinique\/un m\u00e9decin\/un laboratoire - UHIP\/RAMU\",\"isPartOf\":{\"@id\":\"https:\/\/uhip.thedev.ca\/#website\"},\"datePublished\":\"2021-11-04T16:08:37+00:00\",\"dateModified\":\"2022-09-01T00:07:18+00:00\",\"breadcrumb\":{\"@id\":\"https:\/\/uhip.thedev.ca\/fr\/trouver-une-clinique-un-medecin-un-laboratoire\/#breadcrumb\"},\"inLanguage\":\"fr-FR\",\"potentialAction\":[{\"@type\":\"ReadAction\",\"target\":[\"https:\/\/uhip.thedev.ca\/fr\/trouver-une-clinique-un-medecin-un-laboratoire\/\"]}]},{\"@type\":\"BreadcrumbList\",\"@id\":\"https:\/\/uhip.thedev.ca\/fr\/trouver-une-clinique-un-medecin-un-laboratoire\/#breadcrumb\",\"itemListElement\":[{\"@type\":\"ListItem\",\"position\":1,\"name\":\"Home\",\"item\":\"https:\/\/uhip.thedev.ca\/fr\/\"},{\"@type\":\"ListItem\",\"position\":2,\"name\":\"Trouver une clinique\/un m\u00e9decin\/un laboratoire\"}]},{\"@type\":\"WebSite\",\"@id\":\"https:\/\/uhip.thedev.ca\/#website\",\"url\":\"https:\/\/uhip.thedev.ca\/\",\"name\":\"UHIP\/RAMU\",\"description\":\"Helping to protect yourself and your family while studying or working in Ontario.\",\"potentialAction\":[{\"@type\":\"SearchAction\",\"target\":{\"@type\":\"EntryPoint\",\"urlTemplate\":\"https:\/\/uhip.thedev.ca\/?s={search_term_string}\"},\"query-input\":\"required name=search_term_string\"}],\"inLanguage\":\"fr-FR\"}]}<\/script>\n<!-- \/ Yoast SEO plugin. -->","yoast_head_json":{"title":"Trouver une clinique\/un m\u00e9decin\/un laboratoire - UHIP\/RAMU","robots":{"index":"noindex","follow":"follow","max-snippet":"max-snippet:-1","max-image-preview":"max-image-preview:large","max-video-preview":"max-video-preview:-1"},"og_locale":"fr_FR","og_type":"article","og_title":"Trouver une clinique\/un m\u00e9decin\/un laboratoire - UHIP\/RAMU","og_url":"https:\/\/uhip.thedev.ca\/fr\/trouver-une-clinique-un-medecin-un-laboratoire\/","og_site_name":"UHIP\/RAMU","article_modified_time":"2022-09-01T00:07:18+00:00","twitter_card":"summary_large_image","schema":{"@context":"https:\/\/schema.org","@graph":[{"@type":"WebPage","@id":"https:\/\/uhip.thedev.ca\/fr\/trouver-une-clinique-un-medecin-un-laboratoire\/","url":"https:\/\/uhip.thedev.ca\/fr\/trouver-une-clinique-un-medecin-un-laboratoire\/","name":"Trouver une clinique\/un m\u00e9decin\/un laboratoire - UHIP\/RAMU","isPartOf":{"@id":"https:\/\/uhip.thedev.ca\/#website"},"datePublished":"2021-11-04T16:08:37+00:00","dateModified":"2022-09-01T00:07:18+00:00","breadcrumb":{"@id":"https:\/\/uhip.thedev.ca\/fr\/trouver-une-clinique-un-medecin-un-laboratoire\/#breadcrumb"},"inLanguage":"fr-FR","potentialAction":[{"@type":"ReadAction","target":["https:\/\/uhip.thedev.ca\/fr\/trouver-une-clinique-un-medecin-un-laboratoire\/"]}]},{"@type":"BreadcrumbList","@id":"https:\/\/uhip.thedev.ca\/fr\/trouver-une-clinique-un-medecin-un-laboratoire\/#breadcrumb","itemListElement":[{"@type":"ListItem","position":1,"name":"Home","item":"https:\/\/uhip.thedev.ca\/fr\/"},{"@type":"ListItem","position":2,"name":"Trouver une clinique\/un m\u00e9decin\/un laboratoire"}]},{"@type":"WebSite","@id":"https:\/\/uhip.thedev.ca\/#website","url":"https:\/\/uhip.thedev.ca\/","name":"UHIP\/RAMU","description":"Helping to protect yourself and your family while studying or working in Ontario.","potentialAction":[{"@type":"SearchAction","target":{"@type":"EntryPoint","urlTemplate":"https:\/\/uhip.thedev.ca\/?s={search_term_string}"},"query-input":"required name=search_term_string"}],"inLanguage":"fr-FR"}]}},"_links":{"self":[{"href":"https:\/\/uhip.thedev.ca\/fr\/wp-json\/wp\/v2\/pages\/926"}],"collection":[{"href":"https:\/\/uhip.thedev.ca\/fr\/wp-json\/wp\/v2\/pages"}],"about":[{"href":"https:\/\/uhip.thedev.ca\/fr\/wp-json\/wp\/v2\/types\/page"}],"author":[{"embeddable":true,"href":"https:\/\/uhip.thedev.ca\/fr\/wp-json\/wp\/v2\/users\/1"}],"replies":[{"embeddable":true,"href":"https:\/\/uhip.thedev.ca\/fr\/wp-json\/wp\/v2\/comments?post=926"}],"version-history":[{"count":37,"href":"https:\/\/uhip.thedev.ca\/fr\/wp-json\/wp\/v2\/pages\/926\/revisions"}],"predecessor-version":[{"id":2453,"href":"https:\/\/uhip.thedev.ca\/fr\/wp-json\/wp\/v2\/pages\/926\/revisions\/2453"}],"wp:attachment":[{"href":"https:\/\/uhip.thedev.ca\/fr\/wp-json\/wp\/v2\/media?parent=926"}],"curies":[{"name":"wp","href":"https:\/\/api.w.org\/{rel}","templated":true}]}}