{"id":1765,"date":"2022-08-09T16:37:52","date_gmt":"2022-08-09T20:37:52","guid":{"rendered":"https:\/\/uhip.thedev.ca\/?page_id=1765"},"modified":"2022-08-31T20:46:11","modified_gmt":"2022-09-01T00:46:11","slug":"mise-a-jour-importante-sur-the-regime-dassurance-maladie-universitaire-ramu","status":"publish","type":"page","link":"https:\/\/uhip.thedev.ca\/fr\/mise-a-jour-importante-sur-the-regime-dassurance-maladie-universitaire-ramu\/","title":{"rendered":"Mise \u00e0 jour importante sur the R\u00e9gime d&#8217;assurance maladie universitaire (RAMU)"},"content":{"rendered":"\n<div style=\"height:50px\" aria-hidden=\"true\" class=\"wp-block-spacer\"><\/div>\n\n\n<div data-magellan-target=\"mise-\u00e0-jour-importante\" id=\"mise-\u00e0-jour-importante\" class=\"custom-heading \">\n    <div class=\"row\">\n        <div class=\"medium-12 column\">\n                <h2>Manuvie et Group Assurance Cowan<\/h2>\n        <\/div>\n    <\/div>\n<\/div>\n\n\n\n<div style=\"height:40px\" aria-hidden=\"true\" class=\"wp-block-spacer\"><\/div>\n\n\n\n<p><strong>Le 1<sup>er<\/sup>&nbsp;septembre 2022, le RAMU changera de fournisseur, passant de la Sun Life \u00e0 la Financi\u00e8re Manuvie et au Groupe Assurance Cowan (\u00ab&nbsp;Cowan&nbsp;\u00bb).<\/strong><strong><\/strong><\/p>\n\n\n\n<h3 id=\"qu-est-ce-que-cela-signifie-pour-vous\"><strong>Qu\u2019est-ce que cela signifie pour vous?<\/strong><\/h3>\n\n\n\n<ul><li><strong>De nouvelles cartes-couverture seront \u00e9mises pour le 1<sup>er&nbsp;<\/sup>septembre.<\/strong> Pr\u00e9sentez la nouvelle carte Cowan lorsque vous vous inscrivez dans une clinique, un h\u00f4pital ou un laboratoire \u00e0 partir du 1<sup>er<\/sup>&nbsp;septembre 2022.<\/li><li><strong>Les taux de vos primes sont stables<\/strong>. Les taux des primes pour l\u2019ann\u00e9e de r\u00e9gime&nbsp;2022\/23 sont les m\u00eames que ceux de 2021\/22.<\/li><li><strong>Vos garanties restent inchang\u00e9es.<\/strong><strong> <\/strong>Vous avez acc\u00e8s \u00e0 la m\u00eame couverture des soins de sant\u00e9 de base que d\u2019habitude, y compris les soins hospitaliers, les services des m\u00e9decins et les tests de laboratoire et de diagnostic.<\/li><li><strong>Un r\u00e9seau de fournisseurs s\u00e9lectionn\u00e9s est toujours l\u00e0 pour vous.<\/strong><strong> <\/strong>Les h\u00f4pitaux, les cliniques et les laboratoires continuent d\u2019envoyer les factures des services couverts directement pour le remboursement, sans vous demander de payer.<\/li><li><strong>Acc\u00e8s en ligne<\/strong> \u00e0 l\u2019historique des demandes de r\u00e8glement, au r\u00e9seau de fournisseurs et \u00e0 votre carte-couverture.<\/li><li><strong>Le courriel et le t\u00e9l\u00e9phone sont nouveaux.<\/strong><strong> <\/strong>Vous pouvez acc\u00e9der \u00e0 des informations importantes sur le RAMU \u00e0 l&#8217;adresse uhip.thedev.ca, en contactant votre administrateur de r\u00e9gime universitaire, en envoyant un courriel \u00e0 <a href=\"mailto:UHIP.RAMU@cowangroup.ca\">UHIP.RAMU@cowangroup.ca<\/a>, ou en appelant le 1-833-377-UHIP (8447).<\/li><\/ul>\n\n\n\n<p><strong>De plus<\/strong><\/p>\n\n\n\n<ul><li>Le r\u00e9seau de fournisseurs s\u00e9lectionn\u00e9s <strong>s\u2019agrandit<\/strong>; vous aurez donc acc\u00e8s \u00e0 un plus vaste choix de m\u00e9decins, d\u2019h\u00f4pitaux et de laboratoires qui ne vous factureront pas plus que les tarifs du RAMU.<\/li><li>\u00c0 compter du 1<sup>er<\/sup>&nbsp;septembre 2022, vous aurez la possibilit\u00e9 de soumettre <strong>en ligne<\/strong> des demandes de r\u00e8glement hors r\u00e9seau sur le portail des membres, au lieu de les envoyer par courriel.<\/li><\/ul>\n\n\n\n<div style=\"height:20px\" aria-hidden=\"true\" class=\"wp-block-spacer\"><\/div>\n\n\n\n<h3 id=\"comment-se-deroulera-cette-transition\"><strong>Comment se d\u00e9roulera cette transition?<\/strong><\/h3>\n\n\n\n<ul><li><strong>Jusqu\u2019au 31\u00a0ao\u00fbt, utilisez votre carte-couverture de la Sun Life lorsque vous recevez un traitement m\u00e9dical dans une clinique, un h\u00f4pital ou un laboratoire. Si vous devez payer pour un traitement m\u00e9dical, veuillez soumettre le plus t\u00f4t possible toute demande de r\u00e8glement en suspens \u00e0 la Sun Life.<\/strong><ul><li>Tel : <strong>1-866-500-8447<\/strong><\/li><li>Du lundi au vendredi, entre 8\u00a0h et 20\u00a0h\u00a0HE<\/li><\/ul><\/li><li>Comme par le pass\u00e9, l\u2019universit\u00e9 vous inscrira au RAMU en date du 1<sup>er<\/sup>\u00a0septembre et facturera la prime \u00e0 votre compte \u00e9tudiant. N\u2019oubliez pas que vous devez inscrire vos personnes \u00e0 charge chaque ann\u00e9e.<\/li><li>Cowan enverra un courriel de bienvenue \u00e0 votre adresse \u00e9lectronique de l\u2019universit\u00e9, avec des instructions sur la fa\u00e7on de t\u00e9l\u00e9charger votre nouvelle carte-couverture et autres informations utiles. Vous commencerez \u00e0 utiliser la nouvelle carte-couverture \u00e0 compter du 1<sup>er\u00a0<\/sup>septembre 2022.<\/li><li><strong>Vous devez encore inscrire s\u00e9par\u00e9ment votre (ou vos) personne(s) \u00e0 charge. <\/strong>Contactez l\u2019administrateur de votre r\u00e9gime universitaire pour toute question sur la fa\u00e7on de proc\u00e9der. N\u2019oubliez pas que vous devez inscrire et payer pour votre (vos) personne(s) \u00e0 charge au bureau du RAMU de votre universit\u00e9 dans les 30\u00a0jours suivant son (leur) arriv\u00e9e au Canada. Dans le cas contraire, vous devrez payer des frais suppl\u00e9mentaires de 500\u00a0$ pour l\u2019inscription tardive des personnes \u00e0 charge.<\/li><\/ul>\n\n\n\n<div style=\"height:20px\" aria-hidden=\"true\" class=\"wp-block-spacer\"><\/div>\n\n\n\n<h3 id=\"comment-puis-je-trouver-plus-d-informations-sur-le-ramu\"><strong>Comment puis-je trouver plus d\u2019informations sur le RAMU?<\/strong><\/h3>\n\n\n\n<ul><li><a href=\"https:\/\/uhip.thedev.ca\/fr\/renseignements\/\">Contactez l\u2019administrateur de votre r\u00e9gime universitaire<\/a> <\/li><li>Envoyez un courriel \u00e0 Cowan \u00e0 <a href=\"mailto:UHIP.RAMU@cowangroup.ca\">UHIP.RAMU@cowangroup.ca<\/a><ul><li>Tel : <strong>1-833-377-8447<\/strong><\/li><\/ul><\/li><\/ul>\n\n\n\n<p><\/p>\n","protected":false},"excerpt":{"rendered":"<p>Le 1er&nbsp;septembre 2022, le RAMU changera de fournisseur, passant de la Sun Life \u00e0 la Financi\u00e8re Manuvie et au Groupe Assurance Cowan (\u00ab&nbsp;Cowan&nbsp;\u00bb). Qu\u2019est-ce que cela signifie pour vous? De nouvelles cartes-couverture seront \u00e9mises pour le 1er&nbsp;septembre. Pr\u00e9sentez la nouvelle carte Cowan lorsque vous vous inscrivez dans une clinique, un h\u00f4pital ou un laboratoire \u00e0<\/p>\n","protected":false},"author":2,"featured_media":0,"parent":0,"menu_order":0,"comment_status":"closed","ping_status":"closed","template":"","meta":[],"acf":[],"yoast_head":"<!-- This site is optimized with the Yoast SEO plugin v19.7.1 - https:\/\/yoast.com\/wordpress\/plugins\/seo\/ -->\n<title>Mise \u00e0 jour importante sur the R\u00e9gime d&#039;assurance maladie universitaire (RAMU) - UHIP\/RAMU<\/title>\n<meta name=\"robots\" content=\"noindex, follow, max-snippet:-1, max-image-preview:large, max-video-preview:-1\" \/>\n<meta property=\"og:locale\" content=\"fr_FR\" \/>\n<meta property=\"og:type\" content=\"article\" \/>\n<meta property=\"og:title\" content=\"Mise \u00e0 jour importante sur the R\u00e9gime d&#039;assurance maladie universitaire (RAMU) - UHIP\/RAMU\" \/>\n<meta property=\"og:description\" content=\"Le 1er&nbsp;septembre 2022, le RAMU changera de fournisseur, passant de la Sun Life \u00e0 la Financi\u00e8re Manuvie et au Groupe Assurance Cowan (\u00ab&nbsp;Cowan&nbsp;\u00bb). Qu\u2019est-ce que cela signifie pour vous? De nouvelles cartes-couverture seront \u00e9mises pour le 1er&nbsp;septembre. Pr\u00e9sentez la nouvelle carte Cowan lorsque vous vous inscrivez dans une clinique, un h\u00f4pital ou un laboratoire \u00e0\" \/>\n<meta property=\"og:url\" content=\"https:\/\/uhip.thedev.ca\/fr\/mise-a-jour-importante-sur-the-regime-dassurance-maladie-universitaire-ramu\/\" \/>\n<meta property=\"og:site_name\" content=\"UHIP\/RAMU\" \/>\n<meta property=\"article:modified_time\" content=\"2022-09-01T00:46:11+00:00\" \/>\n<meta name=\"twitter:card\" content=\"summary_large_image\" \/>\n<meta name=\"twitter:label1\" content=\"Est. reading time\" \/>\n\t<meta name=\"twitter:data1\" content=\"3 minutes\" \/>\n<script type=\"application\/ld+json\" class=\"yoast-schema-graph\">{\"@context\":\"https:\/\/schema.org\",\"@graph\":[{\"@type\":\"WebPage\",\"@id\":\"https:\/\/uhip.thedev.ca\/fr\/mise-a-jour-importante-sur-the-regime-dassurance-maladie-universitaire-ramu\/\",\"url\":\"https:\/\/uhip.thedev.ca\/fr\/mise-a-jour-importante-sur-the-regime-dassurance-maladie-universitaire-ramu\/\",\"name\":\"Mise \u00e0 jour importante sur the R\u00e9gime d'assurance maladie universitaire (RAMU) - UHIP\/RAMU\",\"isPartOf\":{\"@id\":\"https:\/\/uhip.thedev.ca\/#website\"},\"datePublished\":\"2022-08-09T20:37:52+00:00\",\"dateModified\":\"2022-09-01T00:46:11+00:00\",\"breadcrumb\":{\"@id\":\"https:\/\/uhip.thedev.ca\/fr\/mise-a-jour-importante-sur-the-regime-dassurance-maladie-universitaire-ramu\/#breadcrumb\"},\"inLanguage\":\"fr-FR\",\"potentialAction\":[{\"@type\":\"ReadAction\",\"target\":[\"https:\/\/uhip.thedev.ca\/fr\/mise-a-jour-importante-sur-the-regime-dassurance-maladie-universitaire-ramu\/\"]}]},{\"@type\":\"BreadcrumbList\",\"@id\":\"https:\/\/uhip.thedev.ca\/fr\/mise-a-jour-importante-sur-the-regime-dassurance-maladie-universitaire-ramu\/#breadcrumb\",\"itemListElement\":[{\"@type\":\"ListItem\",\"position\":1,\"name\":\"Home\",\"item\":\"https:\/\/uhip.thedev.ca\/fr\/\"},{\"@type\":\"ListItem\",\"position\":2,\"name\":\"Mise \u00e0 jour importante sur the R\u00e9gime d&#8217;assurance maladie universitaire (RAMU)\"}]},{\"@type\":\"WebSite\",\"@id\":\"https:\/\/uhip.thedev.ca\/#website\",\"url\":\"https:\/\/uhip.thedev.ca\/\",\"name\":\"UHIP\/RAMU\",\"description\":\"Helping to protect yourself and your family while studying or working in Ontario.\",\"potentialAction\":[{\"@type\":\"SearchAction\",\"target\":{\"@type\":\"EntryPoint\",\"urlTemplate\":\"https:\/\/uhip.thedev.ca\/?s={search_term_string}\"},\"query-input\":\"required name=search_term_string\"}],\"inLanguage\":\"fr-FR\"}]}<\/script>\n<!-- \/ Yoast SEO plugin. -->","yoast_head_json":{"title":"Mise \u00e0 jour importante sur the R\u00e9gime d'assurance maladie universitaire (RAMU) - UHIP\/RAMU","robots":{"index":"noindex","follow":"follow","max-snippet":"max-snippet:-1","max-image-preview":"max-image-preview:large","max-video-preview":"max-video-preview:-1"},"og_locale":"fr_FR","og_type":"article","og_title":"Mise \u00e0 jour importante sur the R\u00e9gime d'assurance maladie universitaire (RAMU) - UHIP\/RAMU","og_description":"Le 1er&nbsp;septembre 2022, le RAMU changera de fournisseur, passant de la Sun Life \u00e0 la Financi\u00e8re Manuvie et au Groupe Assurance Cowan (\u00ab&nbsp;Cowan&nbsp;\u00bb). Qu\u2019est-ce que cela signifie pour vous? De nouvelles cartes-couverture seront \u00e9mises pour le 1er&nbsp;septembre. Pr\u00e9sentez la nouvelle carte Cowan lorsque vous vous inscrivez dans une clinique, un h\u00f4pital ou un laboratoire \u00e0","og_url":"https:\/\/uhip.thedev.ca\/fr\/mise-a-jour-importante-sur-the-regime-dassurance-maladie-universitaire-ramu\/","og_site_name":"UHIP\/RAMU","article_modified_time":"2022-09-01T00:46:11+00:00","twitter_card":"summary_large_image","twitter_misc":{"Est. reading time":"3 minutes"},"schema":{"@context":"https:\/\/schema.org","@graph":[{"@type":"WebPage","@id":"https:\/\/uhip.thedev.ca\/fr\/mise-a-jour-importante-sur-the-regime-dassurance-maladie-universitaire-ramu\/","url":"https:\/\/uhip.thedev.ca\/fr\/mise-a-jour-importante-sur-the-regime-dassurance-maladie-universitaire-ramu\/","name":"Mise \u00e0 jour importante sur the R\u00e9gime d'assurance maladie universitaire (RAMU) - UHIP\/RAMU","isPartOf":{"@id":"https:\/\/uhip.thedev.ca\/#website"},"datePublished":"2022-08-09T20:37:52+00:00","dateModified":"2022-09-01T00:46:11+00:00","breadcrumb":{"@id":"https:\/\/uhip.thedev.ca\/fr\/mise-a-jour-importante-sur-the-regime-dassurance-maladie-universitaire-ramu\/#breadcrumb"},"inLanguage":"fr-FR","potentialAction":[{"@type":"ReadAction","target":["https:\/\/uhip.thedev.ca\/fr\/mise-a-jour-importante-sur-the-regime-dassurance-maladie-universitaire-ramu\/"]}]},{"@type":"BreadcrumbList","@id":"https:\/\/uhip.thedev.ca\/fr\/mise-a-jour-importante-sur-the-regime-dassurance-maladie-universitaire-ramu\/#breadcrumb","itemListElement":[{"@type":"ListItem","position":1,"name":"Home","item":"https:\/\/uhip.thedev.ca\/fr\/"},{"@type":"ListItem","position":2,"name":"Mise \u00e0 jour importante sur the R\u00e9gime d&#8217;assurance maladie universitaire (RAMU)"}]},{"@type":"WebSite","@id":"https:\/\/uhip.thedev.ca\/#website","url":"https:\/\/uhip.thedev.ca\/","name":"UHIP\/RAMU","description":"Helping to protect yourself and your family while studying or working in Ontario.","potentialAction":[{"@type":"SearchAction","target":{"@type":"EntryPoint","urlTemplate":"https:\/\/uhip.thedev.ca\/?s={search_term_string}"},"query-input":"required name=search_term_string"}],"inLanguage":"fr-FR"}]}},"_links":{"self":[{"href":"https:\/\/uhip.thedev.ca\/fr\/wp-json\/wp\/v2\/pages\/1765"}],"collection":[{"href":"https:\/\/uhip.thedev.ca\/fr\/wp-json\/wp\/v2\/pages"}],"about":[{"href":"https:\/\/uhip.thedev.ca\/fr\/wp-json\/wp\/v2\/types\/page"}],"author":[{"embeddable":true,"href":"https:\/\/uhip.thedev.ca\/fr\/wp-json\/wp\/v2\/users\/2"}],"replies":[{"embeddable":true,"href":"https:\/\/uhip.thedev.ca\/fr\/wp-json\/wp\/v2\/comments?post=1765"}],"version-history":[{"count":9,"href":"https:\/\/uhip.thedev.ca\/fr\/wp-json\/wp\/v2\/pages\/1765\/revisions"}],"predecessor-version":[{"id":2465,"href":"https:\/\/uhip.thedev.ca\/fr\/wp-json\/wp\/v2\/pages\/1765\/revisions\/2465"}],"wp:attachment":[{"href":"https:\/\/uhip.thedev.ca\/fr\/wp-json\/wp\/v2\/media?parent=1765"}],"curies":[{"name":"wp","href":"https:\/\/api.w.org\/{rel}","templated":true}]}}